{"id":2500,"date":"2022-03-03T08:49:54","date_gmt":"2022-03-03T08:49:54","guid":{"rendered":"http:\/\/ead.mined.gov.mz\/site\/?page_id=2500"},"modified":"2024-05-15T12:45:57","modified_gmt":"2024-05-15T12:45:57","slug":"legislacao","status":"publish","type":"page","link":"https:\/\/ieda.gov.mz\/site\/?page_id=2500","title":{"rendered":"Legisla\u00e7\u00e3o"},"content":{"rendered":"<div class=\"fusion-fullwidth fullwidth-box fusion-builder-row-1 fusion-flex-container nonhundred-percent-fullwidth non-hundred-percent-height-scrolling\" style=\"background-color: rgba(255,255,255,0);background-position: center center;background-repeat: no-repeat;border-width: 0px 0px 0px 0px;border-color:#e7e4e2;border-style:solid;\" ><div class=\"fusion-builder-row fusion-row fusion-flex-align-items-flex-start\" style=\"max-width:1331.2px;margin-left: calc(-4% \/ 2 );margin-right: calc(-4% \/ 2 );\"><div class=\"fusion-layout-column fusion_builder_column fusion-builder-column-0 fusion_builder_column_1_1 1_1 fusion-flex-column\"><div class=\"fusion-column-wrapper fusion-flex-justify-content-flex-start fusion-content-layout-column\" style=\"background-position:left top;background-repeat:no-repeat;-webkit-background-size:cover;-moz-background-size:cover;-o-background-size:cover;background-size:cover;padding: 0px 0px 0px 0px;\"><style type=\"text\/css\">#accordion-2500-1 .fusion-panel:hover, #accordion-2500-1 .fusion-panel.hover{ background-color: #ffffff } #accordion-2500-1 .fusion-panel { border-color:#e7e4e2; border-width:0px; background-color:#ffffff; }.fusion-accordian  #accordion-2500-1 .panel-title a .fa-fusion-box{ color: #f09a3e;}.fusion-accordian  #accordion-2500-1 .panel-title a .fa-fusion-box:before{ font-size: 25px; width: 25px;}.fusion-accordian  #accordion-2500-1 .panel-title a{font-size:15px;}.fusion-accordian  #accordion-2500-1 .panel-title a:hover, #accordion-2500-1 .fusion-toggle-boxed-mode:hover .panel-title a { color: #67b7e1;}.fusion-accordian  #accordion-2500-1 .fusion-toggle-boxed-mode:hover .panel-title a .fa-fusion-box{ color: #67b7e1;}.fusion-accordian  #accordion-2500-1.fusion-toggle-icon-unboxed .fusion-panel .panel-title a:hover .fa-fusion-box{ color: #67b7e1 !important;}<\/style><div class=\"accordian fusion-accordian\"><div class=\"panel-group fusion-toggle-icon-unboxed\" id=\"accordion-2500-1\" role=\"tablist\"><div class=\"fusion-panel panel-default fusion-toggle-no-divider fusion-toggle-boxed-mode\" role=\"tabpanel\"><div class=\"panel-heading\"><h4 class=\"panel-title toggle\"><a aria-expanded=\"false\" aria-selected=\"false\" aria-controls=\"69c957d4922014e16\" role=\"tab\" data-toggle=\"collapse\" data-parent=\"#accordion-2500-1\" data-target=\"#69c957d4922014e16\" href=\"#69c957d4922014e16\"><span class=\"fusion-toggle-icon-wrapper\" aria-hidden=\"true\"><i class=\"fa-fusion-box\" aria-hidden=\"true\"><\/i><\/span><span class=\"fusion-toggle-heading\">Estatuto Org\u00e2nico do Instituto de Educa\u00e7\u00e3o Aberta e \u00e0 Dist\u00e2ncia (IEDA)<\/span><\/a><\/h4><\/div><div id=\"69c957d4922014e16\" class=\"panel-collapse collapse \"><div class=\"panel-body toggle-content fusion-clearfix\">\n<ul>\n<li><a href=\"http:\/\/ieda.gov.mz\/site\/wp-content\/uploads\/2022\/03\/ESTATUTO-IEDA-BR_255_I_SERIE_2018.pdf\">Fazer download<\/a><\/li>\n<\/ul>\n<\/div><\/div><\/div><div class=\"fusion-panel panel-default fusion-toggle-no-divider fusion-toggle-boxed-mode\" role=\"tabpanel\"><div class=\"panel-heading\"><h4 class=\"panel-title toggle\"><a aria-expanded=\"false\" aria-selected=\"false\" aria-controls=\"4819f998ad9de1a5d\" role=\"tab\" data-toggle=\"collapse\" data-parent=\"#accordion-2500-1\" data-target=\"#4819f998ad9de1a5d\" href=\"#4819f998ad9de1a5d\"><span class=\"fusion-toggle-icon-wrapper\" aria-hidden=\"true\"><i class=\"fa-fusion-box\" aria-hidden=\"true\"><\/i><\/span><span class=\"fusion-toggle-heading\">Regulamento de Ensino \u00e0 Dist\u00e2ncia<\/span><\/a><\/h4><\/div><div id=\"4819f998ad9de1a5d\" class=\"panel-collapse collapse \"><div class=\"panel-body toggle-content fusion-clearfix\">\n<ul>\n<li><a href=\"http:\/\/ieda.gov.mz\/site\/wp-content\/uploads\/2022\/03\/Regulamento-de-Ensino-a-Distancia.pdf\">Fazer download<\/a><\/li>\n<\/ul>\n<\/div><\/div><\/div><div class=\"fusion-panel panel-default fusion-toggle-no-divider fusion-toggle-boxed-mode\" role=\"tabpanel\"><div class=\"panel-heading\"><h4 class=\"panel-title toggle\"><a aria-expanded=\"false\" aria-selected=\"false\" aria-controls=\"1735ee9f5d3be3c3f\" role=\"tab\" data-toggle=\"collapse\" data-parent=\"#accordion-2500-1\" data-target=\"#1735ee9f5d3be3c3f\" href=\"#1735ee9f5d3be3c3f\"><span class=\"fusion-toggle-icon-wrapper\" aria-hidden=\"true\"><i class=\"fa-fusion-box\" aria-hidden=\"true\"><\/i><\/span><span class=\"fusion-toggle-heading\">Regulamento do PESD<\/span><\/a><\/h4><\/div><div id=\"1735ee9f5d3be3c3f\" class=\"panel-collapse collapse \"><div class=\"panel-body toggle-content fusion-clearfix\">\n<ul>\n<li><a href=\"http:\/\/ieda.gov.mz\/site\/wp-content\/uploads\/2022\/03\/REGULAMENTO-PESD-BR_37_I_SERIE_2020.pdf\">Fazer download<\/a><\/li>\n<\/ul>\n<\/div><\/div><\/div><\/div><\/div><\/div><\/div><style type=\"text\/css\">.fusion-body .fusion-builder-column-0{width:100% !important;margin-top : 10px;margin-bottom : 10px;}.fusion-builder-column-0 > .fusion-column-wrapper {padding-top : 0px !important;padding-right : 0px !important;margin-right : 1.92%;padding-bottom : 0px !important;padding-left : 0px !important;margin-left : 1.92%;}@media only screen and (max-width:1024px) {.fusion-body .fusion-builder-column-0{width:100% !important;order : 0;}.fusion-builder-column-0 > .fusion-column-wrapper {margin-right : 1.92%;margin-left : 1.92%;}}@media only screen and (max-width:640px) {.fusion-body .fusion-builder-column-0{width:100% !important;order : 0;}.fusion-builder-column-0 > .fusion-column-wrapper {margin-right : 1.92%;margin-left : 1.92%;}}<\/style><\/div><style type=\"text\/css\">.fusion-body .fusion-flex-container.fusion-builder-row-1{ padding-top : 0px;margin-top : 0px;padding-right : 0px;padding-bottom : 0px;margin-bottom : 0px;padding-left : 0px;}<\/style><\/div>\n","protected":false},"excerpt":{"rendered":"","protected":false},"author":1,"featured_media":0,"parent":0,"menu_order":0,"comment_status":"closed","ping_status":"closed","template":"","meta":{"footnotes":""},"class_list":["post-2500","page","type-page","status-publish","hentry"],"_links":{"self":[{"href":"https:\/\/ieda.gov.mz\/site\/index.php?rest_route=\/wp\/v2\/pages\/2500","targetHints":{"allow":["GET"]}}],"collection":[{"href":"https:\/\/ieda.gov.mz\/site\/index.php?rest_route=\/wp\/v2\/pages"}],"about":[{"href":"https:\/\/ieda.gov.mz\/site\/index.php?rest_route=\/wp\/v2\/types\/page"}],"author":[{"embeddable":true,"href":"https:\/\/ieda.gov.mz\/site\/index.php?rest_route=\/wp\/v2\/users\/1"}],"replies":[{"embeddable":true,"href":"https:\/\/ieda.gov.mz\/site\/index.php?rest_route=%2Fwp%2Fv2%2Fcomments&post=2500"}],"version-history":[{"count":6,"href":"https:\/\/ieda.gov.mz\/site\/index.php?rest_route=\/wp\/v2\/pages\/2500\/revisions"}],"predecessor-version":[{"id":4178,"href":"https:\/\/ieda.gov.mz\/site\/index.php?rest_route=\/wp\/v2\/pages\/2500\/revisions\/4178"}],"wp:attachment":[{"href":"https:\/\/ieda.gov.mz\/site\/index.php?rest_route=%2Fwp%2Fv2%2Fmedia&parent=2500"}],"curies":[{"name":"wp","href":"https:\/\/api.w.org\/{rel}","templated":true}]}}